{"id":2710,"date":"2019-06-05T22:50:09","date_gmt":"2019-06-05T20:50:09","guid":{"rendered":"https:\/\/www.espace-saint-ignace.fr\/?page_id=2710"},"modified":"2019-06-16T21:04:51","modified_gmt":"2019-06-16T19:04:51","slug":"mentions-legales-2","status":"publish","type":"page","link":"https:\/\/www.espace-saint-ignace.fr\/?page_id=2710","title":{"rendered":"Mentions l\u00e9gales"},"content":{"rendered":"\n<p><strong>\u00c9diteur du site<\/strong><br>Le site web www.espace-saint-ignace.fr est \u00e9dit\u00e9 par\u00a0:<br>L&rsquo; Espace Saint Ignace &#8211; 20 rue Sala 69002 Lyon<br>Le directeur de la publication est le p\u00e8re Michel JOSEPH sj.<\/p>\n\n\n\n<p><strong>H\u00e9bergement<\/strong><br>L\u2019h\u00e9bergement du site est assur\u00e9 par&nbsp;:<br>OVH SAS &#8211; 2 rue Kellermann 59100 Roubaix<br>https:\/\/www.ovh.com\/fr\/support\/<\/p>\n\n\n\n<p><strong>Cr\u00e9dits<\/strong><br>L\u2019&rsquo;outil de publication WordPress, distribu\u00e9 sous licence&nbsp;GNU\/GPL&nbsp;(Licence Publique G\u00e9n\u00e9rale) a \u00e9t\u00e9 utilis\u00e9 pour la mise en \u0153uvre de ce site&nbsp;.<\/p>\n\n\n\n<p><strong>Propri\u00e9t\u00e9 intellectuelle<\/strong><br>Le pr\u00e9sent site Web et l\u2019ensemble de son contenu, y compris les textes, images fixes ou anim\u00e9es, bases de donn\u00e9es, programmes, etc., est prot\u00e9g\u00e9 par le droit d\u2019auteur. Conform\u00e9ment \u00e0 l\u2019article L. 122-4 du Code de la propri\u00e9t\u00e9 intellectuelle fran\u00e7aise, il est interdit de reproduire, copier, modifier, transmettre, diffuser de toute mani\u00e8re que ce soit, m\u00eame partiellement, sur tout type de support, tout \u00e9l\u00e9ment provenant de ce site (par exemple, mais non exclusivement&nbsp;: textes, logos, images, \u00e9l\u00e9ments sonores, vid\u00e9os, logiciels, ic\u00f4nes) sans l\u2019autorisation explicite et pr\u00e9alable de L&rsquo; Espace Saint Ignace. Toute reproduction, repr\u00e9sentation ou utilisation autoris\u00e9e d\u2019un \u00e9l\u00e9ment constitutif du site Web doit mentionner la phrase suivante&nbsp;: \u00a9 2018 Espace Saint Ignace. Tous droits r\u00e9serv\u00e9s. Conform\u00e9ment \u00e0 l\u2019article L.122-5, alin\u00e9a premier, du Code de la propri\u00e9t\u00e9 intellectuelle, la reproduction d\u2019un \u00e9l\u00e9ment du site \u00e0 des fins personnelles et pour un usage priv\u00e9 est autoris\u00e9e.<\/p>\n\n\n\n<p><strong>Donn\u00e9es personnelles<\/strong><br>D\u2019une fa\u00e7on g\u00e9n\u00e9rale, vous pouvez visiter notre site web sans avoir \u00e0 d\u00e9cliner votre identit\u00e9 et \u00e0 fournir des informations personnelles vous concernant. Cependant, nous pourrons parfois vous demander des informations, notamment, pour traiter les messages adress\u00e9s par le formulaire de contact. Conform\u00e9ment \u00e0 la loi Informatique et Libert\u00e9s du 6 Janvier 1978 modifi\u00e9e par la loi du 6 ao\u00fbt 2004, vous disposerez alors d\u2019un droit d\u2019acc\u00e8s, de rectification, de modification et de suppression des donn\u00e9es personnelles que vous nous avez communiqu\u00e9es. Vous pourrez exercer ce droit en envoyant un courrier.<\/p>\n\n\n\n<p><strong>Politique vis \u00e0 vis des cookies<\/strong><br>Le site web www.espace-saint-ignace.fr est susceptible d\u2019installer des cookies sur votre navigateur web lors de vos visites. Les cookies sont des donn\u00e9es qui sont envoy\u00e9es depuis le serveur web vers votre navigateur, o\u00f9 elles sont stock\u00e9es pour une r\u00e9cup\u00e9ration ult\u00e9rieure.<br>Les cookies servent \u00e0 m\u00e9moriser diff\u00e9rentes options d\u2019affichage du site pour rendre la visite plus ais\u00e9e et le cas \u00e9ch\u00e9ant, \u00e9viter de devoir saisir \u00e0 nouveau certaines informations. Les cookies servent \u00e9galement \u00e0 obtenir des informations sur l\u2019utilisation de notre site internet \u00e0 des fins statistiques.<br>Aucun cookie tiers n\u2019est stock\u00e9 dans votre navigateur par le site www.espace-saint-ignace.fr. Votre navigateur permet au site www.espace-saint-ignace.fr d\u2019acc\u00e9der uniquement aux cookies qu\u2019il a install\u00e9s, non \u00e0 ceux install\u00e9s par d\u2019autres sites.<br>La collecte de cookies peut \u00eatre d\u00e9sactiv\u00e9e dans les pr\u00e9f\u00e9rences de votre navigateur. Si votre navigateur refuse tous les cookies, il est possible que vous ne puissiez pas utiliser certaines parties du site www.espace-saint-ignace.fr dans les meilleures conditions de navigation.<\/p>\n\n\n\n<p><strong>D\u00e9charge de responsabilit\u00e9<\/strong><br>L&rsquo; Espace Saint Ignace s\u2019est efforc\u00e9 d\u2019assurer l\u2019exactitude de l\u2019ensemble des informations fournies sur son site. La responsabilit\u00e9 de L&rsquo; Espace Saint Ignace ne pourra en aucun cas \u00eatre engag\u00e9e quant \u00e0 d\u2019\u00e9ventuelles erreurs ponctuelles et inopin\u00e9es pouvant survenir sur le site.<br>Nous remercions par avance les utilisateurs qui constateraient une information incompl\u00e8te ou erron\u00e9e \u00e0 nous le signaler.<br>Pour toute information administrative, les utilisateurs sont invit\u00e9s \u00e0 se r\u00e9f\u00e9rer de mani\u00e8re exclusive aux informations donn\u00e9es sur les sites internet officiels des administrations publiques concern\u00e9es.<\/p>\n\n\n\n<p><strong>Lien vers d\u2019autres sites<\/strong><br>L&rsquo;Espace Saint Ignace &nbsp;propose sur son site des liens vers des sites tiers. Ces liens sont \u00e9tablis en fonction de l\u2019int\u00e9r\u00eat du contenu propos\u00e9 par ces sites, au moment o\u00f9 les liens ont \u00e9t\u00e9 cr\u00e9\u00e9s. Cependant, ces sites tiers \u00e9tant par nature ind\u00e9pendants de L&rsquo; Espace Saint Ignace, ils peuvent \u00e9voluer ensuite sans pr\u00e9avis et L&rsquo; espace Saint Ignace ne peut donc pas garantir la p\u00e9rennit\u00e9 des contenus accessibles par ces liens au fil du temps.<br>En cons\u00e9quence, L&rsquo; espace Saint Ignace ne saurait \u00eatre tenu pour responsable des contenus accessibles \u00e0 partir des liens. Tout utilisateur observant un lien pr\u00e9sent sur le site www.espace-saint-ignace.fr et conduisant \u00e0 un contenu qui semble obsol\u00e8te ou inappropri\u00e9 est invit\u00e9 \u00e0 le signaler par l\u2019interm\u00e9diaire de la page <a href=\"https:\/\/www.espace-saint-ignace.fr\/?page_id=123\" target=\"_blank\" rel=\"noreferrer noopener\">contact<\/a>.<\/p>\n","protected":false},"excerpt":{"rendered":"<p>\u00c9diteur du siteLe site web www.espace-saint-ignace.fr est \u00e9dit\u00e9 par\u00a0:L&rsquo; Espace Saint Ignace &#8211; 20 rue Sala 69002 LyonLe directeur de la publication est le p\u00e8re Michel JOSEPH sj. H\u00e9bergementL\u2019h\u00e9bergement du site est assur\u00e9 par&nbsp;:OVH SAS &#8211; 2 rue Kellermann 59100 Roubaixhttps:\/\/www.ovh.com\/fr\/support\/ Cr\u00e9ditsL\u2019&rsquo;outil de publication WordPress, distribu\u00e9 sous licence&nbsp;GNU\/GPL&nbsp;(Licence Publique G\u00e9n\u00e9rale) a \u00e9t\u00e9 utilis\u00e9 pour la [&hellip;]<\/p>\n","protected":false},"author":4,"featured_media":0,"parent":0,"menu_order":0,"comment_status":"closed","ping_status":"closed","template":"","meta":{"footnotes":""},"class_list":["post-2710","page","type-page","status-publish","hentry"],"_links":{"self":[{"href":"https:\/\/www.espace-saint-ignace.fr\/index.php?rest_route=\/wp\/v2\/pages\/2710","targetHints":{"allow":["GET"]}}],"collection":[{"href":"https:\/\/www.espace-saint-ignace.fr\/index.php?rest_route=\/wp\/v2\/pages"}],"about":[{"href":"https:\/\/www.espace-saint-ignace.fr\/index.php?rest_route=\/wp\/v2\/types\/page"}],"author":[{"embeddable":true,"href":"https:\/\/www.espace-saint-ignace.fr\/index.php?rest_route=\/wp\/v2\/users\/4"}],"replies":[{"embeddable":true,"href":"https:\/\/www.espace-saint-ignace.fr\/index.php?rest_route=%2Fwp%2Fv2%2Fcomments&post=2710"}],"version-history":[{"count":3,"href":"https:\/\/www.espace-saint-ignace.fr\/index.php?rest_route=\/wp\/v2\/pages\/2710\/revisions"}],"predecessor-version":[{"id":2716,"href":"https:\/\/www.espace-saint-ignace.fr\/index.php?rest_route=\/wp\/v2\/pages\/2710\/revisions\/2716"}],"wp:attachment":[{"href":"https:\/\/www.espace-saint-ignace.fr\/index.php?rest_route=%2Fwp%2Fv2%2Fmedia&parent=2710"}],"curies":[{"name":"wp","href":"https:\/\/api.w.org\/{rel}","templated":true}]}}