{"id":1378,"date":"2018-09-04T12:14:24","date_gmt":"2018-09-04T10:14:24","guid":{"rendered":"https:\/\/www.espace-saint-ignace.fr\/wp\/?page_id=1378"},"modified":"2025-09-25T14:54:42","modified_gmt":"2025-09-25T12:54:42","slug":"tmp-3","status":"publish","type":"page","link":"https:\/\/www.espace-saint-ignace.fr\/?page_id=1378","title":{"rendered":"JEUNES"},"content":{"rendered":"\n<h2 class=\"wp-block-heading\">ON S&rsquo;D\u00c9TEND<\/h2>\n\n\n\n<h2 class=\"wp-block-heading\"><em><mark style=\"background-color:rgba(0, 0, 0, 0)\" class=\"has-inline-color has-vivid-cyan-blue-color\">Joie de la pri\u00e8re<\/mark><\/em><\/h2>\n\n\n\n<p><strong>Les jeudis \u00e0 20h, dur\u00e9e des s\u00e9ances 1h15 max<\/strong><\/p>\n\n\n\n<p><mark style=\"background-color:rgba(0, 0, 0, 0)\" class=\"has-inline-color has-vivid-cyan-blue-color\">Temps d&rsquo;adoration \/ Questions \/ R\u00e9ponses \/ Pri\u00e8re guid\u00e9e \/ Temps convivial<\/mark><\/p>\n\n\n\n<p><strong><mark style=\"background-color:rgba(0, 0, 0, 0)\" class=\"has-inline-color has-vivid-red-color\">Sans inscription, on vient quand on p(v)eut !<\/mark><\/strong><\/p>\n\n\n\n<ul class=\"wp-block-list\">\n<li><strong>2 octobre<\/strong> : \u00c0 qui tu parles ?<\/li>\n\n\n\n<li><strong>6 novembre<\/strong> : On s&rsquo;d\u00e9tend !<\/li>\n\n\n\n<li><strong>4 d\u00e9cembre<\/strong> : Je me souviens : prier avec ma vie<\/li>\n\n\n\n<li><strong>8 janvier<\/strong> : Indiff\u00e9rent ? C&rsquo;est quoi ? Pour Quoi ?<\/li>\n\n\n\n<li><strong>5 f\u00e9vrier<\/strong> : Les sens \/ Allez +loin<\/li>\n\n\n\n<li><strong>5 mars<\/strong> : GOOD trip \/ BAD trip : consolation et d\u00e9solation<\/li>\n\n\n\n<li><strong>30 avril<\/strong> : Les bons tuyaux pour discerner<\/li>\n\n\n\n<li><strong>4 juin<\/strong> : Pas tout seul ! Prier avec d&rsquo;autres <\/li>\n<\/ul>\n\n\n\n<figure class=\"wp-block-image size-large is-resized\"><img loading=\"lazy\" decoding=\"async\" width=\"724\" height=\"1024\" src=\"https:\/\/www.espace-saint-ignace.fr\/wp-content\/uploads\/2025\/07\/ON-SDETEND-AFFICHE-724x1024.jpg\" alt=\"\" class=\"wp-image-6457\" style=\"width:462px;height:auto\" srcset=\"https:\/\/www.espace-saint-ignace.fr\/wp-content\/uploads\/2025\/07\/ON-SDETEND-AFFICHE-724x1024.jpg 724w, https:\/\/www.espace-saint-ignace.fr\/wp-content\/uploads\/2025\/07\/ON-SDETEND-AFFICHE-212x300.jpg 212w, https:\/\/www.espace-saint-ignace.fr\/wp-content\/uploads\/2025\/07\/ON-SDETEND-AFFICHE-768x1086.jpg 768w, https:\/\/www.espace-saint-ignace.fr\/wp-content\/uploads\/2025\/07\/ON-SDETEND-AFFICHE-1086x1536.jpg 1086w, https:\/\/www.espace-saint-ignace.fr\/wp-content\/uploads\/2025\/07\/ON-SDETEND-AFFICHE.jpg 1240w\" sizes=\"auto, (max-width: 724px) 100vw, 724px\" \/><\/figure>\n\n\n\n<p>&#8212;&#8212;&#8212;-<\/p>\n\n\n\n<h2 class=\"wp-block-heading\">CHOISIR AVEC DIEU<\/h2>\n\n\n\n<h2 class=\"wp-block-heading\"><em><mark style=\"background-color:rgba(0, 0, 0, 0)\" class=\"has-inline-color has-vivid-cyan-blue-color\">Parcours de formation au discernement<\/mark><\/em><\/h2>\n\n\n\n<p>Tu as, ou auras bient\u00f4t, des <mark style=\"background-color:rgba(0, 0, 0, 0)\" class=\"has-inline-color has-vivid-cyan-blue-color\"><strong>choix<\/strong><\/mark> \u00e0 faire :<\/p>\n\n\n\n<p>Fili\u00e8re d&rsquo;\u00e9tude, sp\u00e9cialisation, choix de premier job, vie de couple, vocation&#8230;<\/p>\n\n\n\n<p><strong><mark style=\"background-color:rgba(0, 0, 0, 0)\" class=\"has-inline-color has-vivid-cyan-blue-color\">Prendre sa vie en main<\/mark><\/strong> est enthousiasmant, mais on a peur de se tromper&#8230;<\/p>\n\n\n\n<p><strong><mark style=\"background-color:rgba(0, 0, 0, 0)\" class=\"has-inline-color has-vivid-cyan-blue-color\">O\u00f9 mettre Dieu quand on a choisit ?<\/mark><\/strong><\/p>\n\n\n\n<p>Faut-il prier jusqu&rsquo;\u00e0 obtenir la r\u00e9ponse \u00e0 ses questions ?<\/p>\n\n\n\n<p>Viens apprendre les bases du <strong><mark style=\"background-color:rgba(0, 0, 0, 0)\" class=\"has-inline-color has-vivid-cyan-blue-color\">discernement spirituel<\/mark><\/strong><mark style=\"background-color:rgba(0, 0, 0, 0)\" class=\"has-inline-color has-vivid-cyan-blue-color\">.<\/mark><\/p>\n\n\n\n<p>Viens apprendre \u00e0 <strong><mark style=\"background-color:rgba(0, 0, 0, 0)\" class=\"has-inline-color has-vivid-cyan-blue-color\">choisir<\/mark><\/strong> dans une <strong><mark style=\"background-color:rgba(0, 0, 0, 0)\" class=\"has-inline-color has-vivid-cyan-blue-color\">v\u00e9ritable libert\u00e9 int\u00e9rieure.<\/mark><\/strong><\/p>\n\n\n\n<p><strong><mark style=\"background-color:rgba(0, 0, 0, 0)\" class=\"has-inline-color has-vivid-red-color\">13 mardis de 19h45 \u00e0 22h15 \u00e0 partir du 14 octobre 2025<\/mark><\/strong><\/p>\n\n\n\n<p><em><mark style=\"background-color:rgba(0, 0, 0, 0)\" class=\"has-inline-color has-vivid-cyan-blue-color\">I<strong>nscriptions et renseignements : <\/strong><\/mark>P\u00e8re <strong>Kostia de Leusse<\/strong> sj<\/em><\/p>\n\n\n\n<p><a href=\"mailto:kostia.de.leusse@jesuites.com\">kostia.de.leusse@jesuites.com<\/a><\/p>\n\n\n\n<figure class=\"wp-block-image size-large is-resized\"><img decoding=\"async\" src=\"https:\/\/www.espace-saint-ignace.fr\/wp-content\/uploads\/2025\/09\/donne-un-cap-a-ta-vie1-724x1024.png\" alt=\"\" class=\"wp-image-6584\" style=\"width:455px;height:auto\"\/><\/figure>\n\n\n\n<p>T\u00e9moignages :<\/p>\n\n\n\n<p>\u00a0\u00bb J&rsquo;ai particip\u00e9 au parcours Choisir avec Dieu et cela m&rsquo;a aid\u00e9 dans ma vie spirituelle, \u00e0 grandir dans ma foi, dans ma relation avec Dieu et aux autres, \u00e0 vivre de mani\u00e8re concr\u00e8te un temps d&rsquo;\u00c9glise et de communion au c\u0153ur de ma semaine \u00ab\u00a0<\/p>\n\n\n\n<p>\u00a0\u00bb Je conseille 10\/10 \u00ab\u00a0<\/p>\n\n\n\n<p>&#8212;&#8212;&#8212;-<\/p>\n\n\n\n<h2 class=\"wp-block-heading\">MAGIS LYON <\/h2>\n\n\n\n<h2 class=\"wp-block-heading\"><em><mark style=\"background-color:rgba(0, 0, 0, 0)\" class=\"has-inline-color has-vivid-cyan-blue-color\">Une vie d&rsquo;\u00e9quipe Magis<\/mark><\/em><\/h2>\n\n\n\n<p>Tu as entre 18 et 27 ans et tu souhaites partager en profondeur sur ta foi ?<\/p>\n\n\n\n<p>\u00c9tudes, boulot, relation, vocation : tu te poses une ou plusieurs questions sur ta vie ?<\/p>\n\n\n\n<p>Tu aimerais prier, un peu plus, un peu mieux ?<\/p>\n\n\n\n<p>Tu cherches tout simplement \u00e0 accueillir le Christ dans ta vie ?<\/p>\n\n\n\n<p>Viens d\u00e9couvrir les outils que te propose le r\u00e9seau Magis<\/p>\n\n\n\n<h2 class=\"wp-block-heading\"><em><mark style=\"background-color:rgba(0, 0, 0, 0)\" class=\"has-inline-color has-vivid-red-color\">Open Magis<\/mark><\/em><\/h2>\n\n\n\n<ul class=\"wp-block-list\">\n<li><strong>Jeudi <mark style=\"background-color:rgba(0, 0, 0, 0)\" class=\"has-inline-color has-vivid-red-color\">25<\/mark> septembre de 19h30<\/strong> <strong>\u00e0 22h<\/strong><\/li>\n<\/ul>\n\n\n\n<figure class=\"wp-block-image size-large is-resized\"><img loading=\"lazy\" decoding=\"async\" width=\"724\" height=\"1024\" src=\"https:\/\/www.espace-saint-ignace.fr\/wp-content\/uploads\/2025\/09\/2025-OPEN-MAGIS-724x1024.jpg\" alt=\"\" class=\"wp-image-6563\" style=\"width:459px;height:auto\" srcset=\"https:\/\/www.espace-saint-ignace.fr\/wp-content\/uploads\/2025\/09\/2025-OPEN-MAGIS-724x1024.jpg 724w, https:\/\/www.espace-saint-ignace.fr\/wp-content\/uploads\/2025\/09\/2025-OPEN-MAGIS-212x300.jpg 212w, https:\/\/www.espace-saint-ignace.fr\/wp-content\/uploads\/2025\/09\/2025-OPEN-MAGIS-768x1086.jpg 768w, https:\/\/www.espace-saint-ignace.fr\/wp-content\/uploads\/2025\/09\/2025-OPEN-MAGIS-1086x1536.jpg 1086w, https:\/\/www.espace-saint-ignace.fr\/wp-content\/uploads\/2025\/09\/2025-OPEN-MAGIS.jpg 1240w\" sizes=\"auto, (max-width: 724px) 100vw, 724px\" \/><\/figure>\n\n\n\n<h2 class=\"wp-block-heading\"><em><mark style=\"background-color:rgba(0, 0, 0, 0)\" class=\"has-inline-color has-vivid-cyan-blue-color\">Des \u00e9v\u00e8nements du r\u00e9seau<\/mark><\/em> <em><mark style=\"background-color:rgba(0, 0, 0, 0)\" class=\"has-inline-color has-vivid-cyan-blue-color\">:<\/mark><\/em><\/h2>\n\n\n\n<figure class=\"wp-block-image size-full\"><img loading=\"lazy\" decoding=\"async\" width=\"250\" height=\"251\" src=\"https:\/\/www.espace-saint-ignace.fr\/wp-content\/uploads\/2025\/07\/QRcode-Magis.png\" alt=\"\" class=\"wp-image-6450\" srcset=\"https:\/\/www.espace-saint-ignace.fr\/wp-content\/uploads\/2025\/07\/QRcode-Magis.png 250w, https:\/\/www.espace-saint-ignace.fr\/wp-content\/uploads\/2025\/07\/QRcode-Magis-150x150.png 150w, https:\/\/www.espace-saint-ignace.fr\/wp-content\/uploads\/2025\/07\/QRcode-Magis-45x45.png 45w\" sizes=\"auto, (max-width: 250px) 100vw, 250px\" \/><\/figure>\n\n\n\n<h3 class=\"wp-block-heading\"><em><mark style=\"background-color:rgba(0, 0, 0, 0)\" class=\"has-inline-color has-vivid-cyan-blue-color\">La messe du dimanche soir \u00e0 20h (sauf l&rsquo;\u00e9t\u00e9)<\/mark><\/em><\/h3>\n\n\n\n<p>O\u00f9 se retrouvent les 18-25 ans et les jeunes de plus de 25 ans<\/p>\n\n\n\n<h3 class=\"wp-block-heading\"><em><mark style=\"background-color:rgba(0, 0, 0, 0)\" class=\"has-inline-color has-vivid-cyan-blue-color\">Deux colocs Magis :<\/mark><\/em><\/h3>\n\n\n\n<ul class=\"wp-block-list\">\n<li><strong>Une coloc pour <mark style=\"background-color:rgba(0, 0, 0, 0)\" class=\"has-inline-color has-vivid-red-color\">5<\/mark> jeunes hommes au 6 rue d&rsquo;Auvergne<\/strong> : contact  \/  <a href=\"mailto:pierre.devial@jesuites.com\">pierre.devial@jesuites.com<\/a><\/li>\n\n\n\n<li><strong>Une coloc pour <mark style=\"background-color:rgba(0, 0, 0, 0)\" class=\"has-inline-color has-vivid-red-color\">6<\/mark> jeunes femmes au 8 rue Boissac <\/strong>: contact \/ <a href=\"mailto:amelie.jarrousse@rscj.com\">amelie.jarrousse@rscj.com<\/a><\/li>\n<\/ul>\n\n\n\n<p><span style=\"color: #000000;\"><span style=\"font-size: 1rem;\"><b>Pour toute question concernant les propositions du r\u00e9seau Magis Lyon :<\/b>&nbsp;<\/span><\/span><span style=\"color: #0000ff;\"><a href=\"mailto:magis.lyon@gmail.com\"><strong>magis.lyon@gmail.com<\/strong><\/a><\/span><\/p>\n\n\n\n<hr class=\"wp-block-separator has-alpha-channel-opacity\"\/>\n","protected":false},"excerpt":{"rendered":"<p>ON S&rsquo;D\u00c9TEND Joie de la pri\u00e8re Les jeudis \u00e0 20h, dur\u00e9e des s\u00e9ances 1h15 max Temps d&rsquo;adoration \/ Questions \/ R\u00e9ponses \/ Pri\u00e8re guid\u00e9e \/ Temps convivial Sans inscription, on vient quand on p(v)eut ! &#8212;&#8212;&#8212;- CHOISIR AVEC DIEU Parcours de formation au discernement Tu as, ou auras bient\u00f4t, des choix \u00e0 faire : Fili\u00e8re [&hellip;]<\/p>\n","protected":false},"author":1,"featured_media":0,"parent":0,"menu_order":0,"comment_status":"closed","ping_status":"closed","template":"","meta":{"footnotes":""},"class_list":["post-1378","page","type-page","status-publish","hentry"],"_links":{"self":[{"href":"https:\/\/www.espace-saint-ignace.fr\/index.php?rest_route=\/wp\/v2\/pages\/1378","targetHints":{"allow":["GET"]}}],"collection":[{"href":"https:\/\/www.espace-saint-ignace.fr\/index.php?rest_route=\/wp\/v2\/pages"}],"about":[{"href":"https:\/\/www.espace-saint-ignace.fr\/index.php?rest_route=\/wp\/v2\/types\/page"}],"author":[{"embeddable":true,"href":"https:\/\/www.espace-saint-ignace.fr\/index.php?rest_route=\/wp\/v2\/users\/1"}],"replies":[{"embeddable":true,"href":"https:\/\/www.espace-saint-ignace.fr\/index.php?rest_route=%2Fwp%2Fv2%2Fcomments&post=1378"}],"version-history":[{"count":108,"href":"https:\/\/www.espace-saint-ignace.fr\/index.php?rest_route=\/wp\/v2\/pages\/1378\/revisions"}],"predecessor-version":[{"id":6586,"href":"https:\/\/www.espace-saint-ignace.fr\/index.php?rest_route=\/wp\/v2\/pages\/1378\/revisions\/6586"}],"wp:attachment":[{"href":"https:\/\/www.espace-saint-ignace.fr\/index.php?rest_route=%2Fwp%2Fv2%2Fmedia&parent=1378"}],"curies":[{"name":"wp","href":"https:\/\/api.w.org\/{rel}","templated":true}]}}