{"id":125,"date":"2018-07-25T14:19:20","date_gmt":"2018-07-25T12:19:20","guid":{"rendered":"https:\/\/www.espace-saint-ignace.fr\/wp\/?page_id=125"},"modified":"2026-05-07T15:21:52","modified_gmt":"2026-05-07T13:21:52","slug":"agenda","status":"publish","type":"page","link":"https:\/\/www.espace-saint-ignace.fr\/?page_id=125","title":{"rendered":"AGENDA"},"content":{"rendered":"\n<h1 class=\"wp-block-heading\"><span style=\"background-color:rgba(0, 0, 0, 0);color:#d70b0b\" class=\"has-inline-color\">\u00c0 noter pour <\/span><mark style=\"background-color:rgba(0, 0, 0, 0)\" class=\"has-inline-color has-vivid-red-color\">mai<\/mark><span style=\"background-color:rgba(0, 0, 0, 0);color:#d70b0b\" class=\"has-inline-color\">&#8230;<\/span><\/h1>\n\n\n\n<h2 class=\"wp-block-heading\">FLAMYA<mark style=\"background-color:rgba(0, 0, 0, 0)\" class=\"has-inline-color has-vivid-green-cyan-color\">SJ<\/mark> FORMATION<\/h2>\n\n\n\n<p><strong>FONDEMENTS POUR AM\u00c9LIORER SA COMMUNIATION<\/strong><\/p>\n\n\n\n<p><strong><mark style=\"background-color:rgba(0, 0, 0, 0)\" class=\"has-inline-color has-vivid-green-cyan-color\">au service de la mission d&rsquo;\u00c9glise ou associative<\/mark><\/strong><\/p>\n\n\n\n<figure class=\"wp-block-image size-large is-resized\"><img loading=\"lazy\" decoding=\"async\" width=\"1024\" height=\"379\" src=\"https:\/\/www.espace-saint-ignace.fr\/wp-content\/uploads\/2026\/04\/image-1-1024x379.png\" alt=\"\" class=\"wp-image-7006\" style=\"width:90px;height:auto\" srcset=\"https:\/\/www.espace-saint-ignace.fr\/wp-content\/uploads\/2026\/04\/image-1-1024x379.png 1024w, https:\/\/www.espace-saint-ignace.fr\/wp-content\/uploads\/2026\/04\/image-1-300x111.png 300w, https:\/\/www.espace-saint-ignace.fr\/wp-content\/uploads\/2026\/04\/image-1-768x285.png 768w, https:\/\/www.espace-saint-ignace.fr\/wp-content\/uploads\/2026\/04\/image-1-1536x569.png 1536w, https:\/\/www.espace-saint-ignace.fr\/wp-content\/uploads\/2026\/04\/image-1-2048x759.png 2048w\" sizes=\"auto, (max-width: 1024px) 100vw, 1024px\" \/><\/figure>\n\n\n\n<p><strong>\u200b<\/strong><strong>Servir<\/strong>&nbsp;la communion eccl\u00e9siale dans une EAP ou une communaut\u00e9<\/p>\n\n\n\n<p><strong>Discerner<\/strong>&nbsp;ensemble sans se diviser<\/p>\n\n\n\n<p><strong>D\u00e9ploy<\/strong><strong>er<\/strong>&nbsp;une \u00e9coute pastorale ajust\u00e9e et respectueuse<\/p>\n\n\n\n<p><strong>Construire<\/strong>&nbsp;une \u00c9glise du dialogue et de la synodalit\u00e9<\/p>\n\n\n\n<p><strong>Vivre<\/strong>&nbsp;la diversit\u00e9 comme une richesse et non une menace<\/p>\n\n\n\n<p><strong>Unifier<\/strong>&nbsp;vie personnelle, professionnelle et missionnaire<\/p>\n\n\n\n<p><strong>Apprendre<\/strong>&nbsp;\u00e0 g\u00e9rer son stress et celui des membres de l&rsquo;\u00e9quipe<\/p>\n\n\n\n<p><strong>Comprendre<\/strong>&nbsp;de nos erreurs de communications et les causes<\/p>\n\n\n\n<p><strong><mark style=\"background-color:rgba(0, 0, 0, 0)\" class=\"has-inline-color has-vivid-green-cyan-color\">Lieu de formation :<\/mark><\/strong> Espace Saint Ignace 20 rue Sala Lyon 2<\/p>\n\n\n\n<p><strong>Vendredi 22 mai<\/strong>&nbsp;de 18h30 \u00e0 22h (diner tirer du sac)<\/p>\n\n\n\n<p><strong>Samedi 23 mai&nbsp;<\/strong>de 9h \u00e0 19h (d\u00e9jeuner tir\u00e9 du sac)<\/p>\n\n\n\n<p><strong>Dimanche 24 mai&nbsp;<\/strong>de 9h \u00e0 19h&nbsp;(Pentec\u00f4te)<\/p>\n\n\n\n<p><strong><mark style=\"background-color:rgba(0, 0, 0, 0)\" class=\"has-inline-color has-vivid-green-cyan-color\">Renseignements et inscriptions :<\/mark><\/strong><\/p>\n\n\n\n<p>flamyasj.formation@gmail.com<\/p>\n\n\n\n<p>kostia.de.leusse@jesuites.com<\/p>\n\n\n\n<figure class=\"wp-block-image size-full is-resized\"><img loading=\"lazy\" decoding=\"async\" width=\"587\" height=\"586\" src=\"https:\/\/www.espace-saint-ignace.fr\/wp-content\/uploads\/2026\/04\/QR-code.png\" alt=\"\" class=\"wp-image-7004\" style=\"width:70px;height:auto\" srcset=\"https:\/\/www.espace-saint-ignace.fr\/wp-content\/uploads\/2026\/04\/QR-code.png 587w, https:\/\/www.espace-saint-ignace.fr\/wp-content\/uploads\/2026\/04\/QR-code-300x300.png 300w, https:\/\/www.espace-saint-ignace.fr\/wp-content\/uploads\/2026\/04\/QR-code-150x150.png 150w, https:\/\/www.espace-saint-ignace.fr\/wp-content\/uploads\/2026\/04\/QR-code-45x45.png 45w\" sizes=\"auto, (max-width: 587px) 100vw, 587px\" \/><\/figure>\n\n\n\n<figure class=\"wp-block-image size-full is-resized\"><img loading=\"lazy\" decoding=\"async\" width=\"960\" height=\"720\" src=\"https:\/\/www.espace-saint-ignace.fr\/wp-content\/uploads\/2026\/04\/Flamya_Presentation_avec_formations-Logo.jpg\" alt=\"\" class=\"wp-image-7000\" style=\"width:462px;height:auto\" srcset=\"https:\/\/www.espace-saint-ignace.fr\/wp-content\/uploads\/2026\/04\/Flamya_Presentation_avec_formations-Logo.jpg 960w, https:\/\/www.espace-saint-ignace.fr\/wp-content\/uploads\/2026\/04\/Flamya_Presentation_avec_formations-Logo-300x225.jpg 300w, https:\/\/www.espace-saint-ignace.fr\/wp-content\/uploads\/2026\/04\/Flamya_Presentation_avec_formations-Logo-768x576.jpg 768w\" sizes=\"auto, (max-width: 960px) 100vw, 960px\" \/><\/figure>\n\n\n\n<h1 class=\"wp-block-heading\"><span style=\"background-color:rgba(0, 0, 0, 0);color:#d70b0b\" class=\"has-inline-color\">\u00c0 noter pour <\/span><mark style=\"background-color:rgba(0, 0, 0, 0)\" class=\"has-inline-color has-vivid-red-color\">juin<\/mark><span style=\"background-color:rgba(0, 0, 0, 0);color:#d70b0b\" class=\"has-inline-color\">&#8230;<\/span><\/h1>\n\n\n\n<h2 class=\"wp-block-heading\">CONF\u00c9RENCE REGARDS SUR L&rsquo;ACTUALIT\u00c9<\/h2>\n\n\n\n<h2 class=\"wp-block-heading\"><em><mark style=\"background-color:rgba(0, 0, 0, 0)\" class=\"has-inline-color has-vivid-cyan-blue-color\">Justice et politique, l&rsquo;\u00c9tat de droit est-il en danger ?<\/mark><\/em><\/h2>\n\n\n\n<p><em>Avec <strong>Philippe BLACHER<\/strong>, professeur de droit public \u00e0 l&rsquo;Universit\u00e9 de Lyon.<\/em><\/p>\n\n\n\n<ul class=\"wp-block-list\">\n<li><strong>Mardi <mark style=\"background-color:rgba(0, 0, 0, 0)\" class=\"has-inline-color has-vivid-red-color\">2<\/mark> juin \u00e0 19h30<\/strong><\/li>\n<\/ul>\n\n\n\n<figure class=\"wp-block-image size-large is-resized\"><img loading=\"lazy\" decoding=\"async\" width=\"683\" height=\"1024\" src=\"https:\/\/www.espace-saint-ignace.fr\/wp-content\/uploads\/2026\/03\/2026-BLACHER-683x1024.png\" alt=\"\" class=\"wp-image-6965\" style=\"width:460px;height:auto\" srcset=\"https:\/\/www.espace-saint-ignace.fr\/wp-content\/uploads\/2026\/03\/2026-BLACHER-683x1024.png 683w, https:\/\/www.espace-saint-ignace.fr\/wp-content\/uploads\/2026\/03\/2026-BLACHER-200x300.png 200w, https:\/\/www.espace-saint-ignace.fr\/wp-content\/uploads\/2026\/03\/2026-BLACHER-768x1152.png 768w, https:\/\/www.espace-saint-ignace.fr\/wp-content\/uploads\/2026\/03\/2026-BLACHER.png 1024w\" sizes=\"auto, (max-width: 683px) 100vw, 683px\" \/><\/figure>\n\n\n\n<p>&#8212;&#8212;&#8212;&#8211;<\/p>\n\n\n\n<h2 class=\"wp-block-heading\">POUR LES JEUNES<\/h2>\n\n\n\n<h2 class=\"wp-block-heading\"><em><mark style=\"background-color:rgba(0, 0, 0, 0)\" class=\"has-inline-color has-vivid-cyan-blue-color\">On s&rsquo;d\u00e9tend !<\/mark><\/em><\/h2>\n\n\n\n<p><strong>Joie de la pri\u00e8re, les jeudis \u00e0 20h, dur\u00e9e des s\u00e9ances 1h15 max.<\/strong><\/p>\n\n\n\n<p><em>Temps d&rsquo;adoration, questions \/ r\u00e9ponses, pri\u00e8re guid\u00e9e, temps convivial.<\/em><\/p>\n\n\n\n<p><mark style=\"background-color:rgba(0, 0, 0, 0)\" class=\"has-inline-color has-vivid-red-color\"><strong>Sans inscription on vient quand on p(v)eut !<\/strong><\/mark><\/p>\n\n\n\n<ul class=\"wp-block-list\">\n<li><em><s>2 octobre : \u00c0 qui tu parles ?<\/s><\/em><\/li>\n\n\n\n<li><s><mark style=\"background-color:rgba(0, 0, 0, 0)\" class=\"has-inline-color has-black-color\">6 novembre :<\/mark> On s&rsquo;d\u00e9tend ! Bien prier, bien install\u00e9<\/s><\/li>\n\n\n\n<li><s><mark style=\"background-color:rgba(0, 0, 0, 0)\" class=\"has-inline-color has-black-color\">4 d\u00e9cembre : <\/mark>Je me souviens : prier avec ma vie<\/s><\/li>\n\n\n\n<li><s><mark style=\"background-color:rgba(0, 0, 0, 0)\" class=\"has-inline-color has-black-color\">8 janvier : <\/mark>Indiff\u00e9rent ? C&rsquo;est quoi ? Pour quoi ?<\/s><\/li>\n\n\n\n<li><s><mark style=\"background-color:rgba(0, 0, 0, 0)\" class=\"has-inline-color has-black-color\">5 f\u00e9vrier :<\/mark> Les sens \/ Allez + loin<\/s><\/li>\n\n\n\n<li><s><mark style=\"background-color:rgba(0, 0, 0, 0)\" class=\"has-inline-color has-black-color\">5 mars : GOOD trip \/ BAD trip : consolation et d\u00e9solation<\/mark><\/s><\/li>\n\n\n\n<li><mark style=\"background-color:rgba(0, 0, 0, 0)\" class=\"has-inline-color has-black-color\"><s>30 avril : <\/s><\/mark>Les bons tuyaux pour discerner<\/li>\n\n\n\n<li><strong><mark style=\"background-color:rgba(0, 0, 0, 0)\" class=\"has-inline-color has-vivid-red-color\">4 juin :<\/mark><\/strong> Pas tout seul ! Prier avec d&rsquo;autres<\/li>\n<\/ul>\n\n\n\n<figure class=\"wp-block-image size-large is-resized\"><img loading=\"lazy\" decoding=\"async\" width=\"724\" height=\"1024\" src=\"https:\/\/www.espace-saint-ignace.fr\/wp-content\/uploads\/2025\/07\/ON-SDETEND-AFFICHE-1-724x1024.jpg\" alt=\"\" class=\"wp-image-6486\" style=\"width:461px;height:auto\" srcset=\"https:\/\/www.espace-saint-ignace.fr\/wp-content\/uploads\/2025\/07\/ON-SDETEND-AFFICHE-1-724x1024.jpg 724w, https:\/\/www.espace-saint-ignace.fr\/wp-content\/uploads\/2025\/07\/ON-SDETEND-AFFICHE-1-212x300.jpg 212w, https:\/\/www.espace-saint-ignace.fr\/wp-content\/uploads\/2025\/07\/ON-SDETEND-AFFICHE-1-768x1086.jpg 768w, https:\/\/www.espace-saint-ignace.fr\/wp-content\/uploads\/2025\/07\/ON-SDETEND-AFFICHE-1-1086x1536.jpg 1086w, https:\/\/www.espace-saint-ignace.fr\/wp-content\/uploads\/2025\/07\/ON-SDETEND-AFFICHE-1.jpg 1240w\" sizes=\"auto, (max-width: 724px) 100vw, 724px\" \/><\/figure>\n\n\n\n<p>&#8212;&#8212;&#8212;-<\/p>\n\n\n\n<figure class=\"wp-block-image size-large is-resized\"><img loading=\"lazy\" decoding=\"async\" width=\"724\" height=\"1024\" src=\"https:\/\/www.espace-saint-ignace.fr\/wp-content\/uploads\/2026\/05\/COUSINADE-724x1024.jpg\" alt=\"\" class=\"wp-image-7021\" style=\"width:471px;height:auto\" srcset=\"https:\/\/www.espace-saint-ignace.fr\/wp-content\/uploads\/2026\/05\/COUSINADE-724x1024.jpg 724w, https:\/\/www.espace-saint-ignace.fr\/wp-content\/uploads\/2026\/05\/COUSINADE-212x300.jpg 212w, https:\/\/www.espace-saint-ignace.fr\/wp-content\/uploads\/2026\/05\/COUSINADE-768x1086.jpg 768w, https:\/\/www.espace-saint-ignace.fr\/wp-content\/uploads\/2026\/05\/COUSINADE-1086x1536.jpg 1086w, https:\/\/www.espace-saint-ignace.fr\/wp-content\/uploads\/2026\/05\/COUSINADE.jpg 1240w\" sizes=\"auto, (max-width: 724px) 100vw, 724px\" \/><\/figure>\n\n\n\n<p>&#8212;&#8212;&#8212;-<\/p>\n\n\n\n<figure class=\"wp-block-image size-large is-resized\"><img loading=\"lazy\" decoding=\"async\" width=\"724\" height=\"1024\" src=\"https:\/\/www.espace-saint-ignace.fr\/wp-content\/uploads\/2026\/05\/PROCESSION-724x1024.jpg\" alt=\"\" class=\"wp-image-7013\" style=\"width:462px;height:auto\" srcset=\"https:\/\/www.espace-saint-ignace.fr\/wp-content\/uploads\/2026\/05\/PROCESSION-724x1024.jpg 724w, https:\/\/www.espace-saint-ignace.fr\/wp-content\/uploads\/2026\/05\/PROCESSION-212x300.jpg 212w, https:\/\/www.espace-saint-ignace.fr\/wp-content\/uploads\/2026\/05\/PROCESSION-768x1086.jpg 768w, https:\/\/www.espace-saint-ignace.fr\/wp-content\/uploads\/2026\/05\/PROCESSION-1086x1536.jpg 1086w, https:\/\/www.espace-saint-ignace.fr\/wp-content\/uploads\/2026\/05\/PROCESSION.jpg 1240w\" sizes=\"auto, (max-width: 724px) 100vw, 724px\" \/><\/figure>\n","protected":false},"excerpt":{"rendered":"<p>\u00c0 noter pour mai&#8230; FLAMYASJ FORMATION FONDEMENTS POUR AM\u00c9LIORER SA COMMUNIATION au service de la mission d&rsquo;\u00c9glise ou associative \u200bServir&nbsp;la communion eccl\u00e9siale dans une EAP ou une communaut\u00e9 Discerner&nbsp;ensemble sans se diviser D\u00e9ployer&nbsp;une \u00e9coute pastorale ajust\u00e9e et respectueuse Construire&nbsp;une \u00c9glise du dialogue et de la synodalit\u00e9 Vivre&nbsp;la diversit\u00e9 comme une richesse et non une menace [&hellip;]<\/p>\n","protected":false},"author":1,"featured_media":0,"parent":0,"menu_order":0,"comment_status":"closed","ping_status":"closed","template":"","meta":{"footnotes":""},"class_list":["post-125","page","type-page","status-publish","hentry"],"_links":{"self":[{"href":"https:\/\/www.espace-saint-ignace.fr\/index.php?rest_route=\/wp\/v2\/pages\/125","targetHints":{"allow":["GET"]}}],"collection":[{"href":"https:\/\/www.espace-saint-ignace.fr\/index.php?rest_route=\/wp\/v2\/pages"}],"about":[{"href":"https:\/\/www.espace-saint-ignace.fr\/index.php?rest_route=\/wp\/v2\/types\/page"}],"author":[{"embeddable":true,"href":"https:\/\/www.espace-saint-ignace.fr\/index.php?rest_route=\/wp\/v2\/users\/1"}],"replies":[{"embeddable":true,"href":"https:\/\/www.espace-saint-ignace.fr\/index.php?rest_route=%2Fwp%2Fv2%2Fcomments&post=125"}],"version-history":[{"count":1233,"href":"https:\/\/www.espace-saint-ignace.fr\/index.php?rest_route=\/wp\/v2\/pages\/125\/revisions"}],"predecessor-version":[{"id":7024,"href":"https:\/\/www.espace-saint-ignace.fr\/index.php?rest_route=\/wp\/v2\/pages\/125\/revisions\/7024"}],"wp:attachment":[{"href":"https:\/\/www.espace-saint-ignace.fr\/index.php?rest_route=%2Fwp%2Fv2%2Fmedia&parent=125"}],"curies":[{"name":"wp","href":"https:\/\/api.w.org\/{rel}","templated":true}]}}