{"id":1242,"date":"2018-09-03T18:12:11","date_gmt":"2018-09-03T16:12:11","guid":{"rendered":"https:\/\/www.espace-saint-ignace.fr\/wp\/?page_id=1242"},"modified":"2026-03-30T13:31:37","modified_gmt":"2026-03-30T11:31:37","slug":"tmp","status":"publish","type":"page","link":"https:\/\/www.espace-saint-ignace.fr\/?page_id=1242","title":{"rendered":"CYCLES DE CONF\u00c9RENCES"},"content":{"rendered":"\n<p><strong>LES MARDIS DE 19h30 \u00e0 21h<\/strong><\/p>\n\n\n\n<h1 class=\"wp-block-heading titre-pole01\"><span style=\"background-color:rgba(0, 0, 0, 0);color:#d10606\" class=\"has-inline-color\">1 &#8211; &nbsp;<\/span><mark style=\"background-color:rgba(0, 0, 0, 0)\" class=\"has-inline-color has-vivid-red-color\">Conf\u00e9rences Regards sur l\u2019actualit\u00e9 et Spiritualit\u00e9<\/mark><\/h1>\n\n\n\n<ul class=\"wp-block-list\">\n<li><em>actu<\/em> &#8211; <strong>Mardi 21 avril 2026 :<\/strong> <a href=\"https:\/\/www.espace-saint-ignace.fr\/wp-content\/uploads\/2026\/03\/2026-FAUBLADIER.jpg\">Quel avenir pour l&rsquo;Alliance Atlantique ?<\/a> <strong><mark style=\"background-color:rgba(0, 0, 0, 0)\" class=\"has-inline-color has-vivid-red-color\">CONF\u00c9RENCE ANNUL\u00c9E<\/mark><\/strong><\/li>\n<\/ul>\n\n\n\n<p><mark style=\"background-color:rgba(0, 0, 0, 0)\" class=\"has-inline-color has-vivid-cyan-blue-color\"><em>Avec le Colonel Franck FAUBLADIER<\/em>, <em>Saint-Cyrien et brevet\u00e9 de l\u2019\u00c9cole de Guerre, dipl\u00f4m\u00e9 du CELSA<\/em><\/mark> <em><mark style=\"background-color:rgba(0, 0, 0, 0)\" class=\"has-inline-color has-vivid-cyan-blue-color\">Paris Sorbonne.<\/mark><\/em><\/p>\n\n\n\n<p><em>Le Colonel a servi plusieurs ann\u00e9es au sein du commandement militaire de l\u2019OTAN<\/em><\/p>\n\n\n\n<p>&#8212;&#8212;&#8212;-<\/p>\n\n\n\n<ul class=\"wp-block-list\">\n<li><em>actu<\/em> &#8211; <strong>Mardi 5 mai 2026 :<\/strong> <a href=\"https:\/\/www.espace-saint-ignace.fr\/wp-content\/uploads\/2026\/03\/2026-ROUSSELET.jpg\">La Russie et le fait religieux<\/a><\/li>\n<\/ul>\n\n\n\n<p><em><mark style=\"background-color:rgba(0, 0, 0, 0)\" class=\"has-inline-color has-vivid-cyan-blue-color\">Avec Kathy ROUSSELET, Directrice de recherche au Centre de recherches internationales de Sciences Po<\/mark><\/em><\/p>\n\n\n\n<p>&#8212;&#8212;&#8212;-<\/p>\n\n\n\n<ul class=\"wp-block-list\">\n<li><em>actu<\/em> &#8211; <strong>Mardi 2 juin 2026 : <\/strong><a href=\"https:\/\/www.espace-saint-ignace.fr\/wp-content\/uploads\/2026\/03\/2026-BLACHER.png\">Justice et Politique, l&rsquo;\u00c9tat de droit est-il en danger <\/a>?<\/li>\n<\/ul>\n\n\n\n<p><em><mark style=\"background-color:rgba(0, 0, 0, 0)\" class=\"has-inline-color has-vivid-cyan-blue-color\">Avec Philippe BLACHER, Professeur de droit public \u00e0 l&rsquo;Universit\u00e9 de Lyon<\/mark><\/em><\/p>\n\n\n\n<h1 class=\"wp-block-heading titre-pole01\"><span style=\"background-color:rgba(0, 0, 0, 0);color:#d80b0b\" class=\"has-inline-color\">2 &#8211; Conf\u00e9rences de Car\u00eame<\/span><\/h1>\n\n\n\n<p>Organis\u00e9es en partenariat entre \u00c9glise Saint-Bonaventure et l\u2019Espace Saint Ignace.<\/p>\n\n\n\n<p>Pour plus de d\u00e9tails voir : <a href=\"https:\/\/www.saint-bonaventure.fr\/actualites\">https:\/\/www.saint-bonaventure.fr\/actualites<\/a><\/p>\n\n\n\n<ul class=\"wp-block-list\">\n<li><strong>Lundi 2 mars 2026<\/strong> <strong>\u00e0 18h30<\/strong> : R\u00e9paration, une soci\u00e9t\u00e9 fractur\u00e9e peut-elle survivre ?<\/li>\n<\/ul>\n\n\n\n<p><em><mark style=\"background-color:rgba(0, 0, 0, 0)\" class=\"has-inline-color has-vivid-cyan-blue-color\">Avec le Cardinal Fran\u00e7ois BUSTILLO, \u00e9v\u00eaque d&rsquo;Ajaccio<\/mark><\/em><\/p>\n\n\n\n<p>Basilique Saint Bonaventure Lyon 2<\/p>\n\n\n\n<p>&#8212;&#8212;&#8212;-<\/p>\n\n\n\n<ul class=\"wp-block-list\">\n<li><strong>Dimanche 8 mars 2026 \u00e0 17h30 : <\/strong>Entrer dans le myst\u00e8re pascal avec Paul Claudel<\/li>\n<\/ul>\n\n\n\n<p><em><mark style=\"background-color:rgba(0, 0, 0, 0)\" class=\"has-inline-color has-vivid-cyan-blue-color\">Par Fr\u00e8re Yves HABERT, o.p.<\/mark><\/em><\/p>\n\n\n\n<p>\u00c9glise du couvent du Saint-Nom-de-J\u00e9sus, Lyon 6<\/p>\n\n\n\n<p>&#8212;&#8212;&#8212;-<\/p>\n\n\n\n<ul class=\"wp-block-list\">\n<li><strong>Mercredi 11 mars 2026 \u00e0 19h  :<\/strong> \u00ab\u00a0Le temps de Dieu est le meilleur\u00a0\u00bb<\/li>\n<\/ul>\n\n\n\n<p>R\u00e9flexion de Car\u00eame \u00e0 partir de la Cantate&nbsp;<em>Actus Tragicus<\/em>&nbsp;BWV 106 de J.S. BACH<\/p>\n\n\n\n<p><em><mark style=\"background-color:rgba(0, 0, 0, 0)\" class=\"has-inline-color has-vivid-cyan-blue-color\">Avec le P\u00e8re Philippe CHARRU, sj<\/mark><\/em><\/p>\n\n\n\n<p>Espace Saint Ignace 20 rue Sala Lyon 2<\/p>\n\n\n\n<p>&#8212;&#8212;&#8212;-<\/p>\n\n\n\n<ul class=\"wp-block-list\">\n<li><strong>Jeudi 19 mars 2026 \u00e0 20h30 :<\/strong> Homme et femme \u00e0 l&rsquo;heure des questions de genre<\/li>\n<\/ul>\n\n\n\n<p><em><mark style=\"background-color:rgba(0, 0, 0, 0)\" class=\"has-inline-color has-vivid-cyan-blue-color\">Par Catherine DENIS, \u00e9pouse et m\u00e8re de famille, enseignante-chercheure en th\u00e9ologie morale \u00e0 l&rsquo;UCLy et membre de la communaut\u00e9 du Chemin Neuf.<\/mark><\/em><\/p>\n\n\n\n<p>Basilique saint Bonaventure Lyon 2<\/p>\n\n\n\n<p>&#8212;&#8212;&#8212;-<\/p>\n\n\n\n<ul class=\"wp-block-list\">\n<li><strong>Dimanche 22 mars 2026 \u00e0 17h30 : <\/strong>La Passion du Christ sous le regard de Saint Jean et d&rsquo;Henri Matisse<\/li>\n<\/ul>\n\n\n\n<p><em><mark style=\"background-color:rgba(0, 0, 0, 0)\" class=\"has-inline-color has-vivid-cyan-blue-color\">Par Fr\u00e8re Cyrille-Marie RICHARD, o.p.<\/mark><\/em><\/p>\n\n\n\n<p>\u00c9glise du couvent de Saint-Nom-de-J\u00e9sus, Lyon 6<\/p>\n\n\n\n<h1 class=\"wp-block-heading titre-pole01\"><span style=\"background-color:rgba(0, 0, 0, 0);color:#d80b0b\" class=\"has-inline-color\">3 &#8211; Conf\u00e9rences pass\u00e9es<\/span><\/h1>\n\n\n\n<ul class=\"wp-block-list\">\n<li><em>spi<\/em> &#8211; <strong><mark style=\"background-color:rgba(0, 0, 0, 0)\" class=\"has-inline-color has-black-color\">Mardi 18 novembre 2025 :<\/mark><\/strong><mark style=\"background-color:rgba(0, 0, 0, 0)\" class=\"has-inline-color has-vivid-red-color\"> <\/mark><a href=\"https:\/\/www.espace-saint-ignace.fr\/wp-content\/uploads\/2025\/08\/2025-POCHON-PORTRAIT.png\">Science et foi : comment croire avec raison ?<\/a><\/li>\n<\/ul>\n\n\n\n<p><em><mark style=\"background-color:rgba(0, 0, 0, 0)\" class=\"has-inline-color has-vivid-cyan-blue-color\">Avec le <strong>P\u00e8re Martin POCHON<\/strong> sj, ing\u00e9nieur de formation et grand lecteur de Teilhard de Chardin &amp;<\/mark><\/em><\/p>\n\n\n\n<p><mark style=\"background-color:rgba(0, 0, 0, 0)\" class=\"has-inline-color has-vivid-cyan-blue-color\"><em>Le <strong>P\u00e8re Philippe DETERRE<\/strong>, pr\u00eatre de la mission de France et directeur de recherche CNRS<\/em> en biologie<\/mark><\/p>\n\n\n\n<p>Pour \u00e9couter :<\/p>\n\n\n\n<figure class=\"wp-block-audio\"><audio controls src=\"https:\/\/www.espace-saint-ignace.fr\/wp-content\/uploads\/2025\/11\/POCHON-DEVERRE.mp3\"><\/audio><\/figure>\n\n\n\n<p>&#8212;&#8212;&#8212;-<\/p>\n\n\n\n<ul class=\"wp-block-list\">\n<li><em>spi &#8211;<\/em> <strong><mark style=\"background-color:rgba(0, 0, 0, 0)\" class=\"has-inline-color has-black-color\">Mardi 2 d\u00e9cembre 2025 :<\/mark><\/strong> <a href=\"https:\/\/www.espace-saint-ignace.fr\/wp-content\/uploads\/2025\/09\/2025-FABRE.png\">Esp\u00e9rer aujourd&rsquo;hui<\/a><\/li>\n<\/ul>\n\n\n\n<p><em><mark style=\"background-color:rgba(0, 0, 0, 0)\" class=\"has-inline-color has-vivid-cyan-blue-color\">Avec Nicole FABRE, Pasteure de l&rsquo;\u00c9glise R\u00e9form\u00e9e, bibliste et ancien aum\u00f4nier d&rsquo;h\u00f4pital<\/mark><\/em><\/p>\n\n\n\n<p>Pour \u00e9couter :<\/p>\n\n\n\n<figure class=\"wp-block-audio\"><audio controls src=\"https:\/\/www.espace-saint-ignace.fr\/wp-content\/uploads\/2025\/12\/FABRE.mp3\"><\/audio><\/figure>\n\n\n\n<p>&#8212;&#8212;&#8212;-<\/p>\n\n\n\n<ul class=\"wp-block-list\">\n<li><em>actu &#8211;<\/em> <strong>Jeudi 8 janvier 2026 : <\/strong><mark style=\"background-color:rgba(0, 0, 0, 0)\" class=\"has-inline-color has-vivid-cyan-blue-color\"><a href=\"https:\/\/www.espace-saint-ignace.fr\/wp-content\/uploads\/2025\/11\/2026-MARTI.jpg\">La souverainet\u00e9 \u00e9conomique de l&rsquo;Europe ?<\/a><\/mark><\/li>\n<\/ul>\n\n\n\n<p><em><mark style=\"background-color:rgba(0, 0, 0, 0)\" class=\"has-inline-color has-vivid-cyan-blue-color\">Avec Ga\u00eblle MARTI, professeure de droit \u00e0 l&rsquo;Universit\u00e9 Lyon 3<\/mark><\/em><\/p>\n\n\n\n<p><a href=\"https:\/\/www.espace-saint-ignace.fr\/wp-content\/uploads\/2026\/01\/MARTI.mp3\">Pour \u00e9couter<\/a><\/p>\n\n\n\n<p>&#8212;&#8212;&#8212;<\/p>\n\n\n\n<ul class=\"wp-block-list\">\n<li><em>spi <\/em>&#8211; <strong><mark style=\"background-color:rgba(0, 0, 0, 0)\" class=\"has-inline-color has-black-color\">Mardi 20 janvier 2026 :<\/mark><\/strong> Retour aux sources et renouveau de la foi . L&rsquo;\u0153uvre th\u00e9ologique d&rsquo;Henri de Lubac<\/li>\n<\/ul>\n\n\n\n<p><em><mark style=\"background-color:rgba(0, 0, 0, 0)\" class=\"has-inline-color has-vivid-cyan-blue-color\">Avec le P\u00e8re Michel F\u00c9DOU sj, professeur de th\u00e9ologie aux Facult\u00e9s Loyola Paris et Prix Ratzinger et Prix Cardinal Grente pour l&rsquo;ensemble de son \u0153uvre th\u00e9ologique<\/mark><\/em><\/p>\n\n\n\n<figure class=\"wp-block-audio\"><audio controls src=\"https:\/\/www.espace-saint-ignace.fr\/wp-content\/uploads\/2026\/01\/FEDOU-2026.mp3\"><\/audio><\/figure>\n\n\n\n<p>&#8212;&#8212;&#8212;-<\/p>\n\n\n\n<ul class=\"wp-block-list\">\n<li><em>actu<\/em> &#8211; <strong>Mardi 3 f\u00e9vrier 2026 :<\/strong> <a href=\"https:\/\/www.espace-saint-ignace.fr\/wp-content\/uploads\/2025\/11\/2026-BRODIEZ-DOLINO.-1pub.jpg\">O\u00f9 en sont nos solidarit\u00e9s ? Le combat d&rsquo;ATD Quart Monde<\/a><\/li>\n<\/ul>\n\n\n\n<p><em><mark style=\"background-color:rgba(0, 0, 0, 0)\" class=\"has-inline-color has-vivid-cyan-blue-color\">Avec Axelle BRODIEZ-DOLINO, Historienne et directrice de recherche au CNRS<\/mark><\/em><\/p>\n\n\n\n<p>Pour \u00e9couter : <\/p>\n\n\n\n<figure class=\"wp-block-audio\"><audio controls src=\"https:\/\/www.espace-saint-ignace.fr\/wp-content\/uploads\/2026\/02\/BRODIEZ-DOLINO.mp3\"><\/audio><\/figure>\n\n\n\n<p>Powerpoint :<\/p>\n\n\n\n<div class=\"wp-block-file\"><a id=\"wp-block-file--media-f98f425c-47f0-46fb-a1fc-be89ba7f8668\" href=\"https:\/\/www.espace-saint-ignace.fr\/wp-content\/uploads\/2026\/02\/2026-02_PPT.pptx\">2026-02_PPT<\/a><a href=\"https:\/\/www.espace-saint-ignace.fr\/wp-content\/uploads\/2026\/02\/2026-02_PPT.pptx\" class=\"wp-block-file__button wp-element-button\" download aria-describedby=\"wp-block-file--media-f98f425c-47f0-46fb-a1fc-be89ba7f8668\">Download<\/a><\/div>\n\n\n\n<p>&#8212;&#8212;&#8212;-<\/p>\n\n\n\n<ul class=\"wp-block-list\">\n<li><em>spi &#8211;<\/em> <strong><mark style=\"background-color:rgba(0, 0, 0, 0)\" class=\"has-inline-color has-black-color\">Mardi 3 mars 2026 :<\/mark><\/strong> <a href=\"https:\/\/www.espace-saint-ignace.fr\/wp-content\/uploads\/2025\/12\/2026-ZUNDEL.jpg\">Maurice Zundel, un th\u00e9ologien au grand c\u0153ur. Son regard sur la souffrance et le myst\u00e8re du mal<\/a><\/li>\n<\/ul>\n\n\n\n<p><em><mark style=\"background-color:rgba(0, 0, 0, 0)\" class=\"has-inline-color has-vivid-cyan-blue-color\">Avec B\u00e9atrice SOLTNER, journaliste et cr\u00e9atrice d&rsquo;une s\u00e9rie de podcast sur Maurice Zundel<\/mark><\/em><\/p>\n\n\n\n<p>Pour \u00e9couter :<\/p>\n\n\n\n<figure class=\"wp-block-audio\"><audio controls src=\"https:\/\/www.espace-saint-ignace.fr\/wp-content\/uploads\/2026\/03\/ZUNDEL.mp3\"><\/audio><\/figure>\n\n\n\n<p>&#8212;&#8212;&#8212;-<\/p>\n\n\n\n<p><\/p>\n","protected":false},"excerpt":{"rendered":"<p>LES MARDIS DE 19h30 \u00e0 21h 1 &#8211; &nbsp;Conf\u00e9rences Regards sur l\u2019actualit\u00e9 et Spiritualit\u00e9 Avec le Colonel Franck FAUBLADIER, Saint-Cyrien et brevet\u00e9 de l\u2019\u00c9cole de Guerre, dipl\u00f4m\u00e9 du CELSA Paris Sorbonne. Le Colonel a servi plusieurs ann\u00e9es au sein du commandement militaire de l\u2019OTAN &#8212;&#8212;&#8212;- Avec Kathy ROUSSELET, Directrice de recherche au Centre de recherches [&hellip;]<\/p>\n","protected":false},"author":1,"featured_media":0,"parent":0,"menu_order":0,"comment_status":"closed","ping_status":"closed","template":"","meta":{"footnotes":""},"class_list":["post-1242","page","type-page","status-publish","hentry"],"_links":{"self":[{"href":"https:\/\/www.espace-saint-ignace.fr\/index.php?rest_route=\/wp\/v2\/pages\/1242","targetHints":{"allow":["GET"]}}],"collection":[{"href":"https:\/\/www.espace-saint-ignace.fr\/index.php?rest_route=\/wp\/v2\/pages"}],"about":[{"href":"https:\/\/www.espace-saint-ignace.fr\/index.php?rest_route=\/wp\/v2\/types\/page"}],"author":[{"embeddable":true,"href":"https:\/\/www.espace-saint-ignace.fr\/index.php?rest_route=\/wp\/v2\/users\/1"}],"replies":[{"embeddable":true,"href":"https:\/\/www.espace-saint-ignace.fr\/index.php?rest_route=%2Fwp%2Fv2%2Fcomments&post=1242"}],"version-history":[{"count":490,"href":"https:\/\/www.espace-saint-ignace.fr\/index.php?rest_route=\/wp\/v2\/pages\/1242\/revisions"}],"predecessor-version":[{"id":6980,"href":"https:\/\/www.espace-saint-ignace.fr\/index.php?rest_route=\/wp\/v2\/pages\/1242\/revisions\/6980"}],"wp:attachment":[{"href":"https:\/\/www.espace-saint-ignace.fr\/index.php?rest_route=%2Fwp%2Fv2%2Fmedia&parent=1242"}],"curies":[{"name":"wp","href":"https:\/\/api.w.org\/{rel}","templated":true}]}}