{"id":123,"date":"2018-07-25T14:18:46","date_gmt":"2018-07-25T12:18:46","guid":{"rendered":"https:\/\/www.espace-saint-ignace.fr\/wp\/?page_id=123"},"modified":"2025-03-17T16:40:01","modified_gmt":"2025-03-17T15:40:01","slug":"infos-pratiques","status":"publish","type":"page","link":"https:\/\/www.espace-saint-ignace.fr\/?page_id=123","title":{"rendered":"ACC\u00c8S\/CONTACT  DON"},"content":{"rendered":"\n<p><\/p>\n\n\n\n<h1 class=\"wp-block-heading\">Acc\u00e8s<\/h1>\n\n\n<p>Situ\u00e9 entre Sa\u00f4ne et Rh\u00f4ne, au <span style=\"color: #000000;\">20 rue Sala<\/span>, l&rsquo;Espace Saint Ignace est ais\u00e9ment accessible par le m\u00e9tro (stations \u00ab\u00a0Bellecour\u00a0\u00bb ou \u00ab\u00a0Amp\u00e8re).<br \/>Et pour s&rsquo;y rendre \u00e0 pied, en v\u00e9lo, en roller, en skate-board&#8230; ou en voiture :<\/p>\n\n\n<iframe loading=\"lazy\" src=\"https:\/\/www.google.com\/maps\/embed?pb=!1m18!1m12!1m3!1d2783.7714127217914!2d4.826484915482738!3d45.75572842196428!2m3!1f0!2f0!3f0!3m2!1i1024!2i768!4f13.1!3m3!1m2!1s0x47f4ea52b3d96207%3A0x9f458aa39760cd8f!2sChapelle+des+J%C3%A9suites!5e0!3m2!1sfr!2sfr!4v1536062427256\" allowfullscreen=\"allowfullscreen\" style=\"border: 0;\" width=\"750\" height=\"300\"><\/iframe>\n\n\n\n<h1 class=\"wp-block-heading\">Contact<\/h1>\n\n\n\n<p><a href=\"mailto:contact@espace-saint-ignace.fr\"><strong>contact@espace-saint-ignace.fr<\/strong><\/a>&nbsp; &nbsp; ou &nbsp; &nbsp;<strong>04 72 77 09 00<\/strong>. <\/p>\n\n\n\n<p><span style=\"background-color:rgba(0, 0, 0, 0);color:#cc0707\" class=\"has-inline-color\"><strong>Inscription newsletter :<\/strong><\/span> <a rel=\"noreferrer noopener\" href=\"mailto:espacesaintignace@gmail.com\" target=\"_blank\">espacesaintignace@gmail.com<\/a><\/p>\n\n\n\n<p><\/p>\n\n\n\n<h1 class=\"wp-block-heading\">Permanences<\/h1>\n\n\n\n<ul class=\"wp-block-list\">\n<li>Permanence t\u00e9l\u00e9phonique : du lundi au vendredi de 8h30 \u00e0 19h<\/li>\n\n\n\n<li>Permanence physique : du lundi au jeudi, de 13h30 \u00e0 17h<\/li>\n<\/ul>\n\n\n\n<figure class=\"wp-block-image\"><img loading=\"lazy\" decoding=\"async\" width=\"500\" height=\"635\" src=\"https:\/\/www.espace-saint-ignace.fr\/wp-content\/uploads\/2019\/06\/20ruesala.png\" alt=\"\" class=\"wp-image-2721\" srcset=\"https:\/\/www.espace-saint-ignace.fr\/wp-content\/uploads\/2019\/06\/20ruesala.png 500w, https:\/\/www.espace-saint-ignace.fr\/wp-content\/uploads\/2019\/06\/20ruesala-236x300.png 236w\" sizes=\"auto, (max-width: 500px) 100vw, 500px\" \/><\/figure>\n\n\n\n<h1 class=\"wp-block-heading\">Pour nous aider<\/h1>\n\n\n\n<p>Vous pouvez nous aider, notamment :<\/p>\n\n\n\n<p>En faisant conna\u00eetre nos propositions.<\/p>\n\n\n\n<p>En proposant vos comp\u00e9tences &#8211; intellectuelles, liturgiques, communication, etc.<\/p>\n\n\n\n<p>En donnant votre avis sur telle ou telle proposition.<\/p>\n\n\n\n<p>En participant financi\u00e8rement aux frais. Vous pouvez faire un ch\u00e8que \u00e0 l&rsquo;ordre de l&rsquo;<strong>Espace Saint Ignace<\/strong> ou un virement : <\/p>\n\n\n\n<p><span style=\"background-color:rgba(0, 0, 0, 0);color:#2a2a2a\" class=\"has-inline-color\"><strong>IBAN<\/strong> : <\/span><span style=\"background-color:rgba(0, 0, 0, 0);color:#0d0c0c\" class=\"has-inline-color\">FR76 3006 6100 4100 0202 1331 972<\/span><\/p>\n\n\n\n<p><strong>BIC<\/strong> : CMCIFRPP<\/p>\n\n\n\n<p><strong>lien RIB<\/strong> : <a href=\"https:\/\/www.espace-saint-ignace.fr\/wp-content\/uploads\/2024\/11\/RIB-ESI.pdf\">https:\/\/www.espace-saint-ignace.fr\/wp-content\/uploads\/2024\/11\/RIB-ESI.pdf<\/a><\/p>\n\n\n\n<p>Vous pouvez \u00e9galement soutenir la Compagnie de J\u00e9sus, pour toutes les actions caritatives qu\u2019elle porte. Un re\u00e7u fiscal vous sera envoy\u00e9.<br><strong>Dons en ligne et plus d\u2019informations ici&nbsp;<\/strong>:&nbsp;<a rel=\"noreferrer noopener\" href=\"https:\/\/www.jesuites.com\/don\/\" target=\"_blank\">https:\/\/www.jesuites.com\/don\/<\/a><\/p>\n\n\n\n<p><\/p>\n","protected":false},"excerpt":{"rendered":"<p>Acc\u00e8s Situ\u00e9 entre Sa\u00f4ne et Rh\u00f4ne, au 20 rue Sala, l&rsquo;Espace Saint Ignace est ais\u00e9ment accessible par le m\u00e9tro (stations \u00ab\u00a0Bellecour\u00a0\u00bb ou \u00ab\u00a0Amp\u00e8re).Et pour s&rsquo;y rendre \u00e0 pied, en v\u00e9lo, en roller, en skate-board&#8230; ou en voiture : Contact contact@espace-saint-ignace.fr&nbsp; &nbsp; ou &nbsp; &nbsp;04 72 77 09 00. Inscription newsletter : espacesaintignace@gmail.com Permanences Pour nous [&hellip;]<\/p>\n","protected":false},"author":1,"featured_media":0,"parent":0,"menu_order":0,"comment_status":"closed","ping_status":"closed","template":"","meta":{"footnotes":""},"class_list":["post-123","page","type-page","status-publish","hentry"],"_links":{"self":[{"href":"https:\/\/www.espace-saint-ignace.fr\/index.php?rest_route=\/wp\/v2\/pages\/123","targetHints":{"allow":["GET"]}}],"collection":[{"href":"https:\/\/www.espace-saint-ignace.fr\/index.php?rest_route=\/wp\/v2\/pages"}],"about":[{"href":"https:\/\/www.espace-saint-ignace.fr\/index.php?rest_route=\/wp\/v2\/types\/page"}],"author":[{"embeddable":true,"href":"https:\/\/www.espace-saint-ignace.fr\/index.php?rest_route=\/wp\/v2\/users\/1"}],"replies":[{"embeddable":true,"href":"https:\/\/www.espace-saint-ignace.fr\/index.php?rest_route=%2Fwp%2Fv2%2Fcomments&post=123"}],"version-history":[{"count":63,"href":"https:\/\/www.espace-saint-ignace.fr\/index.php?rest_route=\/wp\/v2\/pages\/123\/revisions"}],"predecessor-version":[{"id":6352,"href":"https:\/\/www.espace-saint-ignace.fr\/index.php?rest_route=\/wp\/v2\/pages\/123\/revisions\/6352"}],"wp:attachment":[{"href":"https:\/\/www.espace-saint-ignace.fr\/index.php?rest_route=%2Fwp%2Fv2%2Fmedia&parent=123"}],"curies":[{"name":"wp","href":"https:\/\/api.w.org\/{rel}","templated":true}]}}