{"id":119,"date":"2018-07-25T14:16:34","date_gmt":"2018-07-25T12:16:34","guid":{"rendered":"https:\/\/www.espace-saint-ignace.fr\/wp\/?page_id=119"},"modified":"2023-12-20T14:22:11","modified_gmt":"2023-12-20T13:22:11","slug":"accueil","status":"publish","type":"page","link":"https:\/\/www.espace-saint-ignace.fr\/","title":{"rendered":"ACCUEIL"},"content":{"rendered":"\n<p>Situ\u00e9 20 rue Sala, au coeur de la ville de Lyon sur la Presqu\u2019\u00eele, l&rsquo;Espace Saint Ignace est anim\u00e9 par les p\u00e8res J\u00e9suites et par les la\u00efcs de la Famille Ignatienne dont il est un des lieux habituels de rendez-vous. Inspir\u00e9 par la spiritualit\u00e9 de St Ignace de Loyola, il propose diff\u00e9rentes pistes \u00e0 tous ceux et toutes celles qui veulent approfondir leur foi chr\u00e9tienne ou qui cherchent un sens \u00e0 leur vie, veulent trouver leur place dans la soci\u00e9t\u00e9 ou se mettre au service des autres<\/p>\n\n\n<p style=\"text-align: left;\"><a href=\"https:\/\/www.espace-saint-ignace.fr\/?page_id=1753\" target=\"_blank\" rel=\"noopener noreferrer\"><img loading=\"lazy\" decoding=\"async\" class=\"wp-image-1744 size-medium aligncenter\" src=\"https:\/\/www.espace-saint-ignace.fr\/wp-content\/uploads\/2018\/10\/Pushbutton-Prochainement-300x57.jpg\" alt=\"\" width=\"300\" height=\"57\" srcset=\"https:\/\/www.espace-saint-ignace.fr\/wp-content\/uploads\/2018\/10\/Pushbutton-Prochainement-300x57.jpg 300w, https:\/\/www.espace-saint-ignace.fr\/wp-content\/uploads\/2018\/10\/Pushbutton-Prochainement.jpg 401w\" sizes=\"auto, (max-width: 300px) 100vw, 300px\" \/><\/a><\/p>\n\n\n<h1 class=\"wp-block-heading\">Pourquoi venir rue Sala?<\/h1>\n\n\n\n<div style=\"display: flex; flex-wrap: wrap\">\n<a href=\"https:\/\/www.espace-saint-ignace.fr\/?page_id=1242\">\n<div class=\"bloc_pole bloc1\">\n\t\t<div class=\"bloc_pole_titre\">Conf\u00e9rences<\/div>\n\t\t<div class=\"bloc_pole_image\"><\/div>\n\t\t<div class=\"bloc_pole_texte\">\n\t\t\t<span class=\"bold\">S&rsquo;informer<\/span> pour comprendre <br>le monde et l&rsquo;Eglise\n\t\t<\/div>\n<\/div>\n<\/a>\n\n<a href=\"https:\/\/www.espace-saint-ignace.fr\/?page_id=1252\">\n\t<div class=\"bloc_pole bloc2\">\n\t\t<div class=\"bloc_pole_titre\">Pri\u00e8re<\/div>\n\t\t<div class=\"bloc_pole_image\"><\/div>\n\t\t<div class=\"bloc_pole_texte\">\n\t\t\t<span class=\"bold\">Prier<\/span> avec les J\u00e9suites <br>en c\u00e9l\u00e9brant la Liturgie et en lisant la Bible\n\t\t<\/div>\n\t<\/div>\n<\/a>\n<a href=\"https:\/\/www.espace-saint-ignace.fr\/?page_id=1371\">\n\t<div class=\"bloc_pole bloc3\">\n\t\t<div class=\"bloc_pole_titre\">Spiritualit\u00e9<\/div>\n\t\t<div class=\"bloc_pole_image\"><\/div>\n\t\t<div class=\"bloc_pole_texte\">\n\t\t\t<span class=\"bold\">Cheminer<\/span> \u00e0 la suite du Christ,<br>guid\u00e9s par Saint Ignace\n\t\t<\/div>\n\t<\/div>\t\n<\/a>\n<a href=\"https:\/\/www.espace-saint-ignace.fr\/?page_id=1378\">\t\n\t<div class=\"bloc_pole bloc4\">\n\t\t<div class=\"bloc_pole_titre\">R\u00e9seau MAGIS<\/div>\n\t\t<div class=\"bloc_pole_image\"><\/div>\n\t\t<div class=\"bloc_pole_texte\">\n\t\t\t<span class=\"bold\">Exp\u00e9rimenter <\/span> les propositions <br>du r\u00e9seau MAGIS \u00e0 Lyon\n\t\t<\/div>\n\t<\/div>\n<\/a>\n\n<a href=\"https:\/\/www.espace-saint-ignace.fr\/?page_id=1375\">\n\t<div class=\"bloc_pole bloc5\">\n\t\t<div class=\"bloc_pole_titre\">Famille ignatienne<\/div>\n\t\t<div class=\"bloc_pole_image\"><\/div>\n\t\t<div class=\"bloc_pole_texte\">\n\t\t\t<span class=\"bold\">Se rep\u00e9rer <\/span> dans la famille ignatienne lyonnaise\n\t\t<\/div>\n\t<\/div>\n<\/a>\n\n<a href=\"https:\/\/www.espace-saint-ignace.fr\/?page_id=1382\">\n\t<div class=\"bloc_pole bloc6\">\n\t\t<div class=\"bloc_pole_titre\">Iggy&rsquo;s playlist<\/div>\n\t\t<div class=\"bloc_pole_image\"><\/div>\n\t\t<div class=\"bloc_pole_texte\">\n\t\t\t<span class=\"bold\">S&rsquo;\u00e9tonner <\/span> avec chaque mois <br>une nouvelle vid\u00e9o surprise\n\t\t<\/div>\n\t<\/div>\n<\/a>\n<\/div>\n\n<div style=\"clear: both;\"><\/div>\n\n\n\n<h1 class=\"wp-block-heading\">Qui sommes-nous ?<\/h1>\n\n\n\n<table>\n<tr>\n<td valign=\"top\" style=\"width: 130px;\">\n<img loading=\"lazy\" decoding=\"async\" src=\"https:\/\/www.espace-saint-ignace.fr\/wp-content\/uploads\/2019\/05\/logo_jesuites.png\" width=\"119\" height=\"70\"\/>\n<\/td>\n<td valign=\"top\">\n<p>En 1954, les j\u00e9suites de Lyon s&rsquo;installent rue Sala, dans l\u2019ancien couvent des Clarisses, y regroupant un certain nombre de leurs communaut\u00e9s pr\u00e9c\u00e9demment r\u00e9parties dans la ville. D\u2019ann\u00e9e en ann\u00e9e, les am\u00e9nagements se poursuivent rue Sala; en 1986, l&rsquo;abside de l&rsquo;\u00e9glise re\u00e7oit ainsi de nouveaux vitraux, dont la maquette a \u00e9t\u00e9 r\u00e9alis\u00e9e par Andr\u00e9 Bouler s.j. et, entre 2007 et 2011, la maison est enti\u00e8rement r\u00e9nov\u00e9e.\n<\/p>\n<p>\nAu 20 se trouve l&rsquo;accueil de la communaut\u00e9 regroup\u00e9e, devenue d\u00e9sormais \u00abCommunaut\u00e9 Saint Ignace\u00bb. Le noviciat de la Province de France s\u2019installe, lui, en 2011 dans le b\u00e2timent qui est le long de la rue Sainte-H\u00e9l\u00e8ne. Si la vie apostolique des p\u00e8res de la communaut\u00e9 est tr\u00e8s diversifi\u00e9e, chacun pratique au quotidien l\u2019accompagnement sous toutes ses formes: certains suivent des \u00e9quipes CVX ou Magis; beaucoup sont investis dans la formation spirituelle.\n<\/p>\n<\/td>\n<\/tr>\n<\/table>\n\n\n\n<table>\n<tr>\n<td valign=\"top\" style=\"width: 130px;\">\n<img decoding=\"async\" src=\"https:\/\/www.espace-saint-ignace.fr\/wp-content\/uploads\/2019\/05\/Logo_ESI_100_85.png\"\/>\n<\/td>\n<td valign=\"top\">\n<p>A partir de l\u2019ancienne \u00e9glise des Clarisses, l\u2019Espace Saint Ignace propose : une chapelle, dans l&rsquo;ancienne abside, qui peut accueillir jusqu\u2019\u00e0 100 personnes, des parloirs, des salles et un lieu de conf\u00e9rence de 120 places. Il donne la possibilit\u00e9 d\u2019accueillir des groupes de toutes sortes.\n<\/p>\n<p>\nC\u2019est devenu un lieu de r\u00e9f\u00e9rence pour la Famille ignatienne en r\u00e9gion lyonnaise, en particulier pour le MEJ et la CVX. Il offre un lieu de pri\u00e8re, des propositions de formation spirituelle et une ouverture aux questions d\u2019actualit\u00e9 avec des conf\u00e9rences et des ateliers. L\u2019Espace Saint-Ignace h\u00e9berge \u00e9galement les activit\u00e9s du R\u00e9seau Magis et du JRS Welcome France.\n<\/p>\n<\/td>\n<\/tr>\n<\/table>\n\n\n\n<p><\/p>\n","protected":false},"excerpt":{"rendered":"<p>Situ\u00e9 20 rue Sala, au coeur de la ville de Lyon sur la Presqu\u2019\u00eele, l&rsquo;Espace Saint Ignace est anim\u00e9 par les p\u00e8res J\u00e9suites et par les la\u00efcs de la Famille Ignatienne dont il est un des lieux habituels de rendez-vous. Inspir\u00e9 par la spiritualit\u00e9 de St Ignace de Loyola, il propose diff\u00e9rentes pistes \u00e0 tous [&hellip;]<\/p>\n","protected":false},"author":1,"featured_media":0,"parent":0,"menu_order":0,"comment_status":"closed","ping_status":"closed","template":"","meta":{"footnotes":""},"class_list":["post-119","page","type-page","status-publish","hentry"],"_links":{"self":[{"href":"https:\/\/www.espace-saint-ignace.fr\/index.php?rest_route=\/wp\/v2\/pages\/119","targetHints":{"allow":["GET"]}}],"collection":[{"href":"https:\/\/www.espace-saint-ignace.fr\/index.php?rest_route=\/wp\/v2\/pages"}],"about":[{"href":"https:\/\/www.espace-saint-ignace.fr\/index.php?rest_route=\/wp\/v2\/types\/page"}],"author":[{"embeddable":true,"href":"https:\/\/www.espace-saint-ignace.fr\/index.php?rest_route=\/wp\/v2\/users\/1"}],"replies":[{"embeddable":true,"href":"https:\/\/www.espace-saint-ignace.fr\/index.php?rest_route=%2Fwp%2Fv2%2Fcomments&post=119"}],"version-history":[{"count":124,"href":"https:\/\/www.espace-saint-ignace.fr\/index.php?rest_route=\/wp\/v2\/pages\/119\/revisions"}],"predecessor-version":[{"id":5659,"href":"https:\/\/www.espace-saint-ignace.fr\/index.php?rest_route=\/wp\/v2\/pages\/119\/revisions\/5659"}],"wp:attachment":[{"href":"https:\/\/www.espace-saint-ignace.fr\/index.php?rest_route=%2Fwp%2Fv2%2Fmedia&parent=119"}],"curies":[{"name":"wp","href":"https:\/\/api.w.org\/{rel}","templated":true}]}}